{"id":1316,"date":"2017-10-16T04:10:26","date_gmt":"2017-10-16T04:10:26","guid":{"rendered":"http:\/\/ninzio.com\/finax\/?page_id=1316"},"modified":"2025-10-29T15:08:17","modified_gmt":"2025-10-29T18:08:17","slug":"sobre","status":"publish","type":"page","link":"http:\/\/www.debarry.cloud\/?page_id=1316","title":{"rendered":"Sobre a Debarry"},"content":{"rendered":"<p>[vc_row][vc_column]\r\n\t<div class=\"finax-spacer clearfix\" data-desktop=\"92\" data-mobi=\"60\" data-smobi=\"60\"><\/div>[vc_row_inner][vc_column_inner width=&#8221;5\/12&#8243;]<div class=\"finax-content-box clearfix \" data-padding=\"0px 35px 0px 0px\" data-mobipadding=\"0px 0px 0px 0px\" data-margin=\"\" data-mobimargin=\"\" >\r\n\t\t<div class=\"inner ctb-913211358\" style=\"\"  data-background=\"\">\r\n\t\t\t<div class=\"finax-headings clearfix \" data-font=36 style=\"\"><h2 class=\"heading clearfix \" style=\"font-weight:700;line-height:52px;font-size:36px;\">\r\n\t\tFa\u00e7a parte dessa revolu\u00e7\u00e3o digital!<span><\/span>\r\n\t<\/h2><\/div>\r\n\t\t<\/div>\r\n\t<\/div>\r\n\t<div class=\"finax-spacer clearfix\" data-desktop=\"0\" data-mobi=\"30\" data-smobi=\"30\"><\/div>[\/vc_column_inner][vc_column_inner width=&#8221;7\/12&#8243;][vc_column_text]<span>A <\/span><strong class=\"framer-text\">Debarry &#8211; Inova\u00e7\u00e3o e Tecnologia<\/strong><span>, empresa desenvolvedora do Doc.Xpress, entrega para mais de 500 IES a melhor solu\u00e7\u00e3o para cumprir a obrigatoriedade do MEC referente a documentos digitais. <\/span><br class=\"framer-text\" \/><span>Al\u00e9m do servi\u00e7o de digitaliza\u00e7\u00e3o de 100% do acervo acad\u00eamico, somos l\u00edder na entrega do Diploma Digital, Hist\u00f3rico e Curr\u00edculo Digitais, atendendo a todas as legisla\u00e7\u00f5es ligadas ao setor, incluindo todo processo de assinatura digital.\u00a0 <\/span><br class=\"framer-text\" \/><span>Com 18 anos de mercado, contamos com uma equipe altamente qualificada em solu\u00e7\u00f5es para transforma\u00e7\u00e3o digital e adequa\u00e7\u00e3o \u00e0 legisla\u00e7\u00e3o vigente.\u00a0A Debarry entrega para institui\u00e7\u00f5es de ensino de todos os portes a melhor solu\u00e7\u00e3o para o segmento educacional. Al\u00e9m do servi\u00e7o de digitaliza\u00e7\u00e3o de 100% do acervo acad\u00eamico, somos l\u00edder na entrega do Diploma Digital, Hist\u00f3rico e Curr\u00edculo Digitais, atendendo a todas as legisla\u00e7\u00f5es ligadas ao setor, incluindo todo processo de assinatura digital.<\/span>[\/vc_column_text][\/vc_column_inner][\/vc_row_inner][\/vc_column][\/vc_row][vc_row][vc_column]\r\n\t<div class=\"finax-spacer clearfix\" data-desktop=\"115\" data-mobi=\"60\" data-smobi=\"60\"><\/div>[vc_row_inner][vc_column_inner width=&#8221;1\/2&#8243;]<div class=\"finax-content-box clearfix \" data-padding=\"0px 20px 0px 0px\" data-mobipadding=\"0px 20px 0px 0px\" data-margin=\"\" data-mobimargin=\"\" >\r\n\t\t<div class=\"inner ctb-965420034\" style=\"\"  data-background=\"\">\r\n\t\t\t<div class=\"finax-headings clearfix \"  style=\"\"><h2 class=\"heading clearfix \" style=\"font-weight:700;\">\r\n\t\tPor que escolher a Debarry ?<span><\/span>\r\n\t<\/h2><\/div>\r\n\t<div class=\"finax-spacer clearfix\" data-desktop=\"44\" data-mobi=\"30\" data-smobi=\"30\"><\/div><div class=\"finax-headings clearfix \"  style=\"\"><p class=\"sub-heading clearfix\" style=\"font-style:normal;\">\r\n\t\tCom forte presen\u00e7a no mercado nacional, a Debarry - Inova\u00e7\u00e3o e Tecnologia - \u00e9 uma empresa com sede em Belo Horizonte\/MG respons\u00e1vel pelo desenvolvimento do Software Doc.Xpress.<br \/>\nO desenvolvimento dessa solu\u00e7\u00e3o in\u00e9dita, visa integrar, de v\u00e1rias formas, a digitaliza\u00e7\u00e3o de documentos e a certifica\u00e7\u00e3o digital ICP Brasil em ferramentas que podem ser adquiridas em m\u00f3dulos opcionais. Tal solu\u00e7\u00e3o ganhou a confian\u00e7a de empresas de diversos segmentos, especialmente as Institui\u00e7\u00f5es de Ensino Superior, o que fortaleceu nossa presen\u00e7a no cen\u00e1rio empresarial comprovando a excel\u00eancia dos nossos servi\u00e7os.<br \/>\n1. Nossa Miss\u00e3o e Objetivos<br \/>\nTemos como miss\u00e3o otimizar tempo e custo nos fluxos processuais de nossos clientes, oferecendo excelente custo\/benef\u00edcio. Buscamos utilizar sempre, de forma criativa e inteligente, as melhores e mais recentes ferramentas do mercado, criando solu\u00e7\u00f5es pensadas na evolu\u00e7\u00e3o do seu neg\u00f3cio.<br \/>\n2. Nossos Valores<br \/>\nN\u00f3s acreditamos que as pessoas s\u00e3o essencialmente boas;<br \/>\nN\u00f3s acreditamos que cada indiv\u00edduo tem muito a contribuir;<br \/>\nN\u00f3s acreditamos que um ambiente honesto e aberto pode fazer o melhor de cada um vir \u00e0 tona;<br \/>\nN\u00f3s reconhecemos e respeitamos a todos como indiv\u00edduos especiais;<br \/>\nN\u00f3s encorajamos voc\u00ea a tratar os outros do modo que gostaria de ser tratado;<br \/>\nN\u00f3s aprendemos sempre, para entregar o m\u00e1ximo;<br \/>\nNossa pr\u00e1tica \u00e9 coerente com o discurso;<br \/>\nFoco no cliente e no bom resultado;<br \/>\nQualidade e inova\u00e7\u00e3o, para sempre superarmos as expectativas de nossos clientes, fornecedores e parceiros;<br \/>\nConduzir nossos neg\u00f3cios e rela\u00e7\u00f5es profissionais com \u00e9tica e responsabilidade social;<br \/>\nAgir com o prop\u00f3sito de entregar nossos servi\u00e7os com excel\u00eancia;<br \/>\nCriar, inovar e potencializar compet\u00eancias para entregar os melhores produtos e solu\u00e7\u00f5es.<br \/>\n3. Nossa Vis\u00e3o<br \/>\nGerar e integrar valor atrav\u00e9s da tecnologia com efici\u00eancia, seguran\u00e7a e transpar\u00eancia.\r\n\t<\/p><\/div>\r\n\t<div class=\"finax-spacer clearfix\" data-desktop=\"38\" data-mobi=\"30\" data-smobi=\"30\"><\/div>\r\n\t<div class=\"finax-spacer clearfix\" data-desktop=\"150\" data-mobi=\"40\" data-smobi=\"40\"><\/div>\r\n\t\t<\/div>\r\n\t<\/div>[\/vc_column_inner][vc_column_inner width=&#8221;1\/2&#8243;]\r\n\t<div class=\"finax-accordions accordions\"><div class=\"accordion-item active-simple\" style=\"margin-bottom:10px;\"><h3 class=\"accordion-heading transparent\" style=\"\">\r\n\t\t\t<span class=\"inner\" style=\"\">\r\n\t\t\t\tGED doc.Xpress\r\n\t\t\t<\/span>\r\n\t\t<\/h3><div class=\"accordion-content\" style=\"\"><p><span>Nosso GED foi criado por especialistas. Ele \u00e9 objetivo e faz tudo o que promete, sem asteriscos. Guarda de documentos em nuvem, pesquisa em tr\u00eas cliques, assina digitalmente, cria fluxo de assinatura e muito mais.<\/span><\/p>\n<\/div><\/div><div class=\"accordion-item active-simple\" style=\"margin-bottom:10px;\"><h3 class=\"accordion-heading transparent\" style=\"\">\r\n\t\t\t<span class=\"inner\" style=\"\">\r\n\t\t\t\tSIGNNA - Autoridade Certificadora Privada\r\n\t\t\t<\/span>\r\n\t\t<\/h3><div class=\"accordion-content\" style=\"\"><p>A Signna \u00e9 a Autoridade Certificadora Privada da Debarry. \u00c9 uma solu\u00e7\u00e3o de mercado onde a empresa consegue emitir certificados digitais para seus funcion\u00e1rios, fornecedores e clientes afim de permitir que todo tr\u00e2mite de documentos seja feito em meio digital.<\/p>\n<\/div><\/div><div class=\"accordion-item active-simple\" style=\"margin-bottom:10px;\"><h3 class=\"accordion-heading transparent\" style=\"\">\r\n\t\t\t<span class=\"inner\" style=\"\">\r\n\t\t\t\tINBOUND - Assinatura Eletr\u00f4nica Avan\u00e7ada\r\n\t\t\t<\/span>\r\n\t\t<\/h3><div class=\"accordion-content\" style=\"\"><p><span>O INBOUND foi desenvolvido para que sua institui\u00e7\u00e3o realize assinaturas eletr\u00f4nicas avan\u00e7adas facilmente. <\/span><span>No setor educacional, o INBOUND faz com que a matr\u00edcula tenha a mesma validade jur\u00eddica das matr\u00edculas feitas de forma convencional.<\/span><\/p>\n<\/div><\/div><div class=\"accordion-item active-simple\" style=\"margin-bottom:10px;\"><h3 class=\"accordion-heading transparent\" style=\"\">\r\n\t\t\t<span class=\"inner\" style=\"\">\r\n\t\t\t\tDiplomax\r\n\t\t\t<\/span>\r\n\t\t<\/h3><div class=\"accordion-content\" style=\"\"><p><span>O Diplomax foi desenvolvido para Institui\u00e7\u00f5es de Ensino Superior ou empresas que geram diploma ou certificados de conclus\u00e3o de curso \u00e0 atenderem a Portaria 554 do MEC. Os diplomas digitais gerados na ferramenta s\u00e3o assinados digitalmente com certificados ICP-Brasil, conferindo, autenticidade, integridade e validade jur\u00eddica ao documento eletr\u00f4nico.<\/span><\/p>\n<\/div><\/div><div class=\"accordion-item active-simple\" style=\"margin-bottom:10px;\"><h3 class=\"accordion-heading transparent\" style=\"\">\r\n\t\t\t<span class=\"inner\" style=\"\">\r\n\t\t\t\tDiplomax Registro\r\n\t\t\t<\/span>\r\n\t\t<\/h3><div class=\"accordion-content\" style=\"\"><p><span>O Diplomax Registro foi desenvolvido para as Institui\u00e7\u00f5es de Ensino Superior que registram diplomas digitais. Se sua institui\u00e7\u00e3o j\u00e1 utiliza o Diplomax, o processo de registro \u00e9 acompanhado\u00a0<em>on demand<\/em>\u00a0por ambas institui\u00e7\u00f5es, tanto Emissora quanto Registradora. A solu\u00e7\u00e3o tamb\u00e9m est\u00e1 dispon\u00edvel se sua institui\u00e7\u00e3o ainda n\u00e3o utiliza o Diplomax.<\/span><\/p>\n<\/div><\/div><div class=\"accordion-item active-simple\" style=\"margin-bottom:10px;\"><h3 class=\"accordion-heading transparent\" style=\"\">\r\n\t\t\t<span class=\"inner\" style=\"\">\r\n\t\t\t\tDigitaliza\u00e7\u00e3o de documentos\r\n\t\t\t<\/span>\r\n\t\t<\/h3><div class=\"accordion-content\" style=\"\"><p><span>Prestamos o servi\u00e7o de digitaliza\u00e7\u00e3o de documentos com captura avan\u00e7ada de dados. O servi\u00e7o pode ser prestado in-loco, quando necess\u00e1rio.<\/span><\/p>\n<\/div><\/div><\/div>[\/vc_column_inner][\/vc_row_inner][\/vc_column][\/vc_row]<\/p>\n","protected":false},"excerpt":{"rendered":"<p>[vc_row][vc_column][vc_row_inner][vc_column_inner width=&#8221;5\/12&#8243;][\/vc_column_inner][vc_column_inner width=&#8221;7\/12&#8243;][vc_column_text]A Debarry &#8211; Inova\u00e7\u00e3o e Tecnologia, empresa desenvolvedora do Doc.Xpress, entrega para mais de 500 IES a melhor solu\u00e7\u00e3o para cumprir a obrigatoriedade do MEC referente a documentos digitais. Al\u00e9m do servi\u00e7o de digitaliza\u00e7\u00e3o de 100% do acervo acad\u00eamico, somos l\u00edder na entrega do Diploma Digital, Hist\u00f3rico e<\/p>\n","protected":false},"author":1,"featured_media":0,"parent":0,"menu_order":0,"comment_status":"closed","ping_status":"closed","template":"","meta":{"jetpack_post_was_ever_published":false},"aioseo_notices":[],"jetpack_sharing_enabled":true,"jetpack_shortlink":"https:\/\/wp.me\/PaP2iO-le","jetpack-related-posts":[{"id":1339,"url":"http:\/\/www.debarry.cloud\/?page_id=1339","url_meta":{"origin":1316,"position":0},"title":"Contato","date":"16\/10\/2017","format":false,"excerpt":"[vc_row][vc_column][vc_gmaps link=\"#E-8_JTNDaWZyYW1lJTIwc3JjJTNEJTIyaHR0cHMlM0ElMkYlMkZ3d3cuZ29vZ2xlLmNvbSUyRm1hcHMlMkZlbWJlZCUzRnBiJTNEJTIxMW0xOCUyMTFtMTIlMjExbTMlMjExZDM3NTAuOTk4NTQ2MzkxMjQ4NSUyMTJkLTQzLjk0NDM5NTk4NTE2NDQxJTIxM2QtMTkuOTI0NDY2MDg2NjA2NzklMjEybTMlMjExZjAlMjEyZjAlMjEzZjAlMjEzbTIlMjExaTEwMjQlMjEyaTc2OCUyMTRmMTMuMSUyMTNtMyUyMTFtMiUyMTFzMHhhNjk5ZTE5NDFhZDFmZCUyNTNBMHhkODRjYjY0MDNmYzc1MTclMjEyc1J1YSUyNTIwZG9zJTI1MjBHdWFqYWphcmFzJTI1MkMlMjUyMDg3MCUyNTIwLSUyNTIwQ2VudHJvJTI1MkMlMjUyMEJlbG8lMjUyMEhvcml6b250ZSUyNTIwLSUyNTIwTUclMjUyQyUyNTIwMzAxODAtMTAwJTIxNWUwJTIxM20yJTIxMXNwdC1CUiUyMTJzYnIlMjE0djE2NzU0NTAxNDkzMzAlMjE1bTIlMjExc3B0LUJSJTIxMnNiciUyMiUyMHdpZHRoJTNEJTIyNjAwJTIyJTIwaGVpZ2h0JTNEJTIyNDUwJTIyJTIwJTIwZnJhbWVib3JkZXIlM0QlMjIwJTIyJTIwc3R5bGUlM0QlMjJib3JkZXIlM0EwJTIyJTIwYWxsb3dmdWxsc2NyZWVuJTNFJTNDJTJGaWZyYW1lJTNF\"][vc_row_inner][vc_column_inner width=\"9\/12\"][\/vc_column_inner][vc_column_inner width=\"3\/12\"][\/vc_column_inner][\/vc_row_inner][\/vc_column][\/vc_row]","rel":"","context":"Post similar","img":{"alt_text":"","src":"","width":0,"height":0},"classes":[]},{"id":5293,"url":"http:\/\/www.debarry.cloud\/","url_meta":{"origin":1316,"position":1},"title":"Home","date":"15\/02\/2019","format":false,"excerpt":"[vc_row][vc_column][rev_slider_vc alias=\"slider-1\"][\/vc_column][\/vc_row][vc_row][vc_column][vc_row_inner][vc_column_inner width=\"1\/2\"][\/vc_column_inner][vc_column_inner width=\"1\/2\"][\/vc_column_inner][\/vc_row_inner][vc_row_inner el_id=\"aplicabilidade\" el_class=\"aplicabilidade\"][vc_column_inner][\/vc_column_inner][\/vc_row_inner][\/vc_column][\/vc_row][vc_row column_spacing=\"10\" img_halfrow=\"parallax\" halfrow_image=\"5341\" img_columns=\"5columns\" img_position=\"imgright\" img_offset_left=\"-80px\" img_offset_top=\"100px\" css=\".vc_custom_1551504600068{background-image: url(http:\/\/ninzio.com\/finax\/wp-content\/uploads\/2019\/02\/section_bg6.jpg?id=5378) !important;background-position: center !important;background-repeat: no-repeat !important;background-size: cover !important;}\" parallax_x=\"0\" parallax_y=\"15px\"][vc_column][vc_row_inner column_inner_spacing=\"\"][vc_column_inner width=\"1\/2\"][\/vc_column_inner][vc_column_inner width=\"1\/2\"][\/vc_column_inner][\/vc_row_inner][\/vc_column][\/vc_row][vc_row][vc_column][\/vc_column][\/vc_row]","rel":"","context":"Post similar","img":{"alt_text":"","src":"","width":0,"height":0},"classes":[]},{"id":2269,"url":"http:\/\/www.debarry.cloud\/?page_id=2269","url_meta":{"origin":1316,"position":2},"title":"DIPLOMAX","date":"06\/12\/2017","format":false,"excerpt":"[vc_row][vc_column width=\"1\/2\"][\/vc_column][vc_column width=\"1\/2\"][vc_single_image image=\"6468\" img_size=\"550x350\" alignment=\"center\" css_animation=\"flipInX\"][\/vc_column][\/vc_row][vc_row][vc_column][\/vc_column][\/vc_row]","rel":"","context":"Post similar","img":{"alt_text":"","src":"","width":0,"height":0},"classes":[]},{"id":6627,"url":"http:\/\/www.debarry.cloud\/?page_id=6627","url_meta":{"origin":1316,"position":3},"title":"INBOUND &#8211; Assinatura Eletr\u00f4nica Avan\u00e7ada","date":"03\/02\/2023","format":false,"excerpt":"[vc_row][vc_column width=\"1\/2\"][\/vc_column][vc_column width=\"1\/2\"][\/vc_column][\/vc_row][vc_row][vc_column][\/vc_column][\/vc_row]","rel":"","context":"Post similar","img":{"alt_text":"","src":"","width":0,"height":0},"classes":[]},{"id":6220,"url":"http:\/\/www.debarry.cloud\/?page_id=6220","url_meta":{"origin":1316,"position":4},"title":"SIGNNA","date":"23\/10\/2019","format":false,"excerpt":"[vc_row][vc_column width=\"1\/2\"][\/vc_column][vc_column width=\"1\/2\"][vc_single_image image=\"6203\" alignment=\"center\" css_animation=\"flipInX\"][\/vc_column][\/vc_row][vc_row][vc_column][\/vc_column][\/vc_row]","rel":"","context":"Post similar","img":{"alt_text":"","src":"https:\/\/i0.wp.com\/www.debarry.cloud\/wp-content\/uploads\/2020\/08\/signna2.jpg?fit=1200%2C640&resize=350%2C200","width":350,"height":200},"classes":[]},{"id":6635,"url":"http:\/\/www.debarry.cloud\/?page_id=6635","url_meta":{"origin":1316,"position":5},"title":"Diplomax Registro","date":"03\/02\/2023","format":false,"excerpt":"[vc_row][vc_column width=\"1\/2\"][\/vc_column][vc_column width=\"1\/2\"][\/vc_column][\/vc_row][vc_row][vc_column][\/vc_column][\/vc_row]","rel":"","context":"Post similar","img":{"alt_text":"","src":"","width":0,"height":0},"classes":[]}],"_links":{"self":[{"href":"http:\/\/www.debarry.cloud\/index.php?rest_route=\/wp\/v2\/pages\/1316"}],"collection":[{"href":"http:\/\/www.debarry.cloud\/index.php?rest_route=\/wp\/v2\/pages"}],"about":[{"href":"http:\/\/www.debarry.cloud\/index.php?rest_route=\/wp\/v2\/types\/page"}],"author":[{"embeddable":true,"href":"http:\/\/www.debarry.cloud\/index.php?rest_route=\/wp\/v2\/users\/1"}],"replies":[{"embeddable":true,"href":"http:\/\/www.debarry.cloud\/index.php?rest_route=%2Fwp%2Fv2%2Fcomments&post=1316"}],"version-history":[{"count":45,"href":"http:\/\/www.debarry.cloud\/index.php?rest_route=\/wp\/v2\/pages\/1316\/revisions"}],"predecessor-version":[{"id":6766,"href":"http:\/\/www.debarry.cloud\/index.php?rest_route=\/wp\/v2\/pages\/1316\/revisions\/6766"}],"wp:attachment":[{"href":"http:\/\/www.debarry.cloud\/index.php?rest_route=%2Fwp%2Fv2%2Fmedia&parent=1316"}],"curies":[{"name":"wp","href":"https:\/\/api.w.org\/{rel}","templated":true}]}}