{"id":1339,"date":"2017-10-16T13:54:07","date_gmt":"2017-10-16T13:54:07","guid":{"rendered":"http:\/\/ninzio.com\/finax\/?page_id=1339"},"modified":"2025-10-29T15:17:37","modified_gmt":"2025-10-29T18:17:37","slug":"contato","status":"publish","type":"page","link":"http:\/\/www.debarry.cloud\/?page_id=1339","title":{"rendered":"Contato"},"content":{"rendered":"<p>[vc_row][vc_column]\r\n\t<div class=\"finax-spacer clearfix\" data-desktop=\"110\" data-mobi=\"60\" data-smobi=\"60\"><\/div>[vc_gmaps link=&#8221;#E-8_JTNDaWZyYW1lJTIwc3JjJTNEJTIyaHR0cHMlM0ElMkYlMkZ3d3cuZ29vZ2xlLmNvbSUyRm1hcHMlMkZlbWJlZCUzRnBiJTNEJTIxMW0xOCUyMTFtMTIlMjExbTMlMjExZDM3NTAuOTk4NTQ2MzkxMjQ4NSUyMTJkLTQzLjk0NDM5NTk4NTE2NDQxJTIxM2QtMTkuOTI0NDY2MDg2NjA2NzklMjEybTMlMjExZjAlMjEyZjAlMjEzZjAlMjEzbTIlMjExaTEwMjQlMjEyaTc2OCUyMTRmMTMuMSUyMTNtMyUyMTFtMiUyMTFzMHhhNjk5ZTE5NDFhZDFmZCUyNTNBMHhkODRjYjY0MDNmYzc1MTclMjEyc1J1YSUyNTIwZG9zJTI1MjBHdWFqYWphcmFzJTI1MkMlMjUyMDg3MCUyNTIwLSUyNTIwQ2VudHJvJTI1MkMlMjUyMEJlbG8lMjUyMEhvcml6b250ZSUyNTIwLSUyNTIwTUclMjUyQyUyNTIwMzAxODAtMTAwJTIxNWUwJTIxM20yJTIxMXNwdC1CUiUyMTJzYnIlMjE0djE2NzU0NTAxNDkzMzAlMjE1bTIlMjExc3B0LUJSJTIxMnNiciUyMiUyMHdpZHRoJTNEJTIyNjAwJTIyJTIwaGVpZ2h0JTNEJTIyNDUwJTIyJTIwJTIwZnJhbWVib3JkZXIlM0QlMjIwJTIyJTIwc3R5bGUlM0QlMjJib3JkZXIlM0EwJTIyJTIwYWxsb3dmdWxsc2NyZWVuJTNFJTNDJTJGaWZyYW1lJTNF&#8221;]\r\n\t<div class=\"finax-spacer clearfix\" data-desktop=\"70\" data-mobi=\"50\" data-smobi=\"50\"><\/div>[vc_row_inner][vc_column_inner width=&#8221;9\/12&#8243;]<div class=\"finax-content-box clearfix \" data-padding=\"\" data-mobipadding=\"\" data-margin=\"0px 30px 0px 0px\" data-mobimargin=\"0px 0px 0px 0px\" >\r\n\t\t<div class=\"inner ctb-94473911\" style=\"\"  data-background=\"\">\r\n\t\t\t<div class=\"finax-divider divider-center divider-solid\" style=\"border-top-color:#e1e1e1;\"><\/div><div class=\"clearfix\"><\/div><div class=\"finax-headings clearfix \" data-font=24 style=\"\"><h2 class=\"heading clearfix \" style=\"margin-top:25px;font-size:24px;\">\r\n\t\tPosso ajudar?\r\n\t<\/h2><p class=\"sub-heading clearfix\" style=\"font-style:normal;\">\r\n\t\tPreencha o formul\u00e1rio abaixo e em seguida entraremos em contato com voc\u00ea.\r\n\t<\/p><\/div>\r\n\t<div class=\"finax-spacer clearfix\" data-desktop=\"40\" data-mobi=\"35\" data-smobi=\"35\"><\/div>\n<div class=\"wpcf7 no-js\" id=\"wpcf7-f4437-o1\" lang=\"en-US\" dir=\"ltr\">\n<div class=\"screen-reader-response\"><p role=\"status\" aria-live=\"polite\" aria-atomic=\"true\"><\/p> <ul><\/ul><\/div>\n<form action=\"\/index.php?rest_route=%2Fwp%2Fv2%2Fpages%2F1339#wpcf7-f4437-o1\" method=\"post\" class=\"wpcf7-form init\" aria-label=\"Contact form\" novalidate=\"novalidate\" data-status=\"init\">\n<div style=\"display: none;\">\n<input type=\"hidden\" name=\"_wpcf7\" value=\"4437\" \/>\n<input type=\"hidden\" name=\"_wpcf7_version\" value=\"5.7.4\" \/>\n<input type=\"hidden\" name=\"_wpcf7_locale\" value=\"en_US\" \/>\n<input type=\"hidden\" name=\"_wpcf7_unit_tag\" value=\"wpcf7-f4437-o1\" \/>\n<input type=\"hidden\" name=\"_wpcf7_container_post\" value=\"0\" \/>\n<input type=\"hidden\" name=\"_wpcf7_posted_data_hash\" value=\"\" \/>\n<input type=\"hidden\" name=\"_wpcf7_recaptcha_response\" value=\"\" \/>\n<\/div>\n<div class=\"cf7-style-1\">\n\t<div class=\"name-wrap\">\n\t\t<p><span class=\"wpcf7-form-control-wrap\" data-name=\"your-name\"><input size=\"40\" class=\"wpcf7-form-control wpcf7-text wpcf7-validates-as-required\" aria-required=\"true\" aria-invalid=\"false\" placeholder=\"Name\" value=\"\" type=\"text\" name=\"your-name\" \/><\/span>\n\t\t<\/p>\n\t<\/div>\n\t<div class=\"email-wrap\">\n\t\t<p><span class=\"wpcf7-form-control-wrap\" data-name=\"your-email\"><input size=\"40\" class=\"wpcf7-form-control wpcf7-text wpcf7-email wpcf7-validates-as-required wpcf7-validates-as-email\" aria-required=\"true\" aria-invalid=\"false\" placeholder=\"Email\" value=\"\" type=\"email\" name=\"your-email\" \/><\/span>\n\t\t<\/p>\n\t<\/div>\n\t<div class=\"phone-wrap\">\n\t\t<p><span class=\"wpcf7-form-control-wrap\" data-name=\"your-phone\"><input size=\"40\" class=\"wpcf7-form-control wpcf7-text wpcf7-validates-as-required\" aria-required=\"true\" aria-invalid=\"false\" placeholder=\"Your Phone\" value=\"\" type=\"text\" name=\"your-phone\" \/><\/span>\n\t\t<\/p>\n\t<\/div>\n\t<div class=\"message-wrap\">\n\t\t<p><span class=\"wpcf7-form-control-wrap\" data-name=\"your-message\"><textarea cols=\"40\" rows=\"10\" class=\"wpcf7-form-control wpcf7-textarea\" aria-invalid=\"false\" placeholder=\"Message\" name=\"your-message\"><\/textarea><\/span>\n\t\t<\/p>\n\t<\/div>\n\t<div class=\"submit-wrap\">\n\t\t<p><input class=\"wpcf7-form-control has-spinner wpcf7-submit\" type=\"submit\" value=\"Enviar\" \/>\n\t\t<\/p>\n\t<\/div>\n<\/div><p style=\"display: none !important;\" class=\"akismet-fields-container\" data-prefix=\"_wpcf7_ak_\"><label>&#916;<textarea name=\"_wpcf7_ak_hp_textarea\" cols=\"45\" rows=\"8\" maxlength=\"100\"><\/textarea><\/label><input type=\"hidden\" id=\"ak_js_1\" name=\"_wpcf7_ak_js\" value=\"207\"\/><script>document.getElementById( \"ak_js_1\" ).setAttribute( \"value\", ( new Date() ).getTime() );<\/script><\/p><div class=\"wpcf7-response-output\" aria-hidden=\"true\"><\/div>\n<\/form>\n<\/div>\n\r\n\t\t<\/div>\r\n\t<\/div>[\/vc_column_inner][vc_column_inner width=&#8221;3\/12&#8243;]<div class=\"finax-divider divider-center divider-solid\" style=\"border-top-color:#e1e1e1;\"><\/div><div class=\"clearfix\"><\/div><div class=\"finax-headings clearfix \" data-font=24 style=\"\"><h2 class=\"heading clearfix \" style=\"margin-top:25px;font-size:24px;\">\r\n\t\tContato\r\n\t<\/h2><\/div>\r\n\t<div class=\"finax-spacer clearfix\" data-desktop=\"30\" data-mobi=\"30\" data-smobi=\"30\"><\/div><div class=\"finax-list clearfix icon-top\" >\r\n\t\t<div style=\"padding:0px 0px 14px 0px;border-color:#b2b2b2;border-width:0px 0px 1px 0px;border-style:solid;\">\r\n\t\t\t<span style=\"padding-left:50px;color:#777777\"><span class=\"icon  accent\" style=\"font-size:26px;margin-top:8px;background:#ebebeb;width:45px;height:45px;line-height:45px;border-radius:3px;\">\r\n\t\t\t<i class=\"entypo-icon entypo-icon-location\"><\/i>\r\n\t\t<\/span> <span style=\"font-weight:500;font-size:15px;line-height:26px;font-family:Montserrat;\">Rua dos Guajajaras, 870,<br \/>\nSala 101<br \/>\nCentro &#8211; BH | MG<\/span><\/span>\r\n\t\t<\/div>\r\n\t<\/div><div class=\"finax-list clearfix icon-top\" >\r\n\t\t<div style=\"padding:0px 0px 40px 0px;border-color:#b2b2b2;border-width:0px 0px 1px 0px;border-style:solid;\">\r\n\t\t\t<span style=\"padding-left:50px;color:#777777\"><span class=\"icon  accent\" style=\"font-size:26px;margin-top:8px;background:#ebebeb;width:45px;height:45px;line-height:45px;border-radius:3px;\">\r\n\t\t\t<i class=\"entypo-icon entypo-icon-mail\"><\/i>\r\n\t\t<\/span> <span style=\"font-weight:500;font-size:15px;line-height:26px;font-family:Montserrat;\">debarry@debarry.com.br<\/span><\/span>\r\n\t\t<\/div>\r\n\t<\/div><div class=\"finax-list clearfix icon-top\" >\r\n\t\t<div style=\"padding:0px 40px 40px 0px;border-color:#b2b2b2;border-width:0px 0px 1px 0px;border-style:solid;\">\r\n\t\t\t<span style=\"padding-left:50px;color:#777777\"><span class=\"icon  accent\" style=\"font-size:26px;margin-top:8px;background:#ebebeb;width:45px;height:45px;line-height:45px;border-radius:3px;\">\r\n\t\t\t<i class=\"entypo-icon entypo-icon-phone\"><\/i>\r\n\t\t<\/span> <span style=\"font-weight:500;font-size:15px;line-height:26px;font-family:Montserrat;\">(31) 3058-2615<\/span><\/span>\r\n\t\t<\/div>\r\n\t<\/div>[\/vc_column_inner][\/vc_row_inner]\r\n\t<div class=\"finax-spacer clearfix\" data-desktop=\"105\" data-mobi=\"60\" data-smobi=\"60\"><\/div>[\/vc_column][\/vc_row]<\/p>\n","protected":false},"excerpt":{"rendered":"<p>[vc_row][vc_column][vc_gmaps link=&#8221;#E-8_JTNDaWZyYW1lJTIwc3JjJTNEJTIyaHR0cHMlM0ElMkYlMkZ3d3cuZ29vZ2xlLmNvbSUyRm1hcHMlMkZlbWJlZCUzRnBiJTNEJTIxMW0xOCUyMTFtMTIlMjExbTMlMjExZDM3NTAuOTk4NTQ2MzkxMjQ4NSUyMTJkLTQzLjk0NDM5NTk4NTE2NDQxJTIxM2QtMTkuOTI0NDY2MDg2NjA2NzklMjEybTMlMjExZjAlMjEyZjAlMjEzZjAlMjEzbTIlMjExaTEwMjQlMjEyaTc2OCUyMTRmMTMuMSUyMTNtMyUyMTFtMiUyMTFzMHhhNjk5ZTE5NDFhZDFmZCUyNTNBMHhkODRjYjY0MDNmYzc1MTclMjEyc1J1YSUyNTIwZG9zJTI1MjBHdWFqYWphcmFzJTI1MkMlMjUyMDg3MCUyNTIwLSUyNTIwQ2VudHJvJTI1MkMlMjUyMEJlbG8lMjUyMEhvcml6b250ZSUyNTIwLSUyNTIwTUclMjUyQyUyNTIwMzAxODAtMTAwJTIxNWUwJTIxM20yJTIxMXNwdC1CUiUyMTJzYnIlMjE0djE2NzU0NTAxNDkzMzAlMjE1bTIlMjExc3B0LUJSJTIxMnNiciUyMiUyMHdpZHRoJTNEJTIyNjAwJTIyJTIwaGVpZ2h0JTNEJTIyNDUwJTIyJTIwJTIwZnJhbWVib3JkZXIlM0QlMjIwJTIyJTIwc3R5bGUlM0QlMjJib3JkZXIlM0EwJTIyJTIwYWxsb3dmdWxsc2NyZWVuJTNFJTNDJTJGaWZyYW1lJTNF&#8221;][vc_row_inner][vc_column_inner width=&#8221;9\/12&#8243;][\/vc_column_inner][vc_column_inner width=&#8221;3\/12&#8243;][\/vc_column_inner][\/vc_row_inner][\/vc_column][\/vc_row]<\/p>\n","protected":false},"author":1,"featured_media":0,"parent":0,"menu_order":0,"comment_status":"closed","ping_status":"closed","template":"","meta":{"jetpack_post_was_ever_published":false},"aioseo_notices":[],"jetpack_sharing_enabled":true,"jetpack_shortlink":"https:\/\/wp.me\/PaP2iO-lB","jetpack-related-posts":[{"id":5293,"url":"http:\/\/www.debarry.cloud\/","url_meta":{"origin":1339,"position":0},"title":"Home","date":"15\/02\/2019","format":false,"excerpt":"[vc_row][vc_column][rev_slider_vc alias=\"slider-1\"][\/vc_column][\/vc_row][vc_row][vc_column][vc_row_inner][vc_column_inner width=\"1\/2\"][\/vc_column_inner][vc_column_inner width=\"1\/2\"][\/vc_column_inner][\/vc_row_inner][vc_row_inner el_id=\"aplicabilidade\" el_class=\"aplicabilidade\"][vc_column_inner][\/vc_column_inner][\/vc_row_inner][\/vc_column][\/vc_row][vc_row column_spacing=\"10\" img_halfrow=\"parallax\" halfrow_image=\"5341\" img_columns=\"5columns\" img_position=\"imgright\" img_offset_left=\"-80px\" img_offset_top=\"100px\" css=\".vc_custom_1551504600068{background-image: url(http:\/\/ninzio.com\/finax\/wp-content\/uploads\/2019\/02\/section_bg6.jpg?id=5378) !important;background-position: center !important;background-repeat: no-repeat !important;background-size: cover !important;}\" parallax_x=\"0\" parallax_y=\"15px\"][vc_column][vc_row_inner column_inner_spacing=\"\"][vc_column_inner width=\"1\/2\"][\/vc_column_inner][vc_column_inner width=\"1\/2\"][\/vc_column_inner][\/vc_row_inner][\/vc_column][\/vc_row][vc_row][vc_column][\/vc_column][\/vc_row]","rel":"","context":"Similar post","img":{"alt_text":"","src":"","width":0,"height":0},"classes":[]},{"id":2269,"url":"http:\/\/www.debarry.cloud\/?page_id=2269","url_meta":{"origin":1339,"position":1},"title":"DIPLOMAX","date":"06\/12\/2017","format":false,"excerpt":"[vc_row][vc_column width=\"1\/2\"][\/vc_column][vc_column width=\"1\/2\"][vc_single_image image=\"6468\" img_size=\"550x350\" alignment=\"center\" css_animation=\"flipInX\"][\/vc_column][\/vc_row][vc_row][vc_column][\/vc_column][\/vc_row]","rel":"","context":"Similar post","img":{"alt_text":"","src":"","width":0,"height":0},"classes":[]},{"id":1316,"url":"http:\/\/www.debarry.cloud\/?page_id=1316","url_meta":{"origin":1339,"position":2},"title":"Sobre a Debarry","date":"16\/10\/2017","format":false,"excerpt":"[vc_row][vc_column][vc_row_inner][vc_column_inner width=\"5\/12\"][\/vc_column_inner][vc_column_inner width=\"7\/12\"][vc_column_text]A Debarry - Inova\u00e7\u00e3o e Tecnologia, empresa desenvolvedora do Doc.Xpress, entrega para mais de 500 IES a melhor solu\u00e7\u00e3o para cumprir a obrigatoriedade do MEC referente a documentos digitais. Al\u00e9m do servi\u00e7o de digitaliza\u00e7\u00e3o de 100% do acervo acad\u00eamico, somos l\u00edder na entrega do Diploma Digital, Hist\u00f3rico e\u2026","rel":"","context":"Similar post","img":{"alt_text":"","src":"","width":0,"height":0},"classes":[]}],"_links":{"self":[{"href":"http:\/\/www.debarry.cloud\/index.php?rest_route=\/wp\/v2\/pages\/1339"}],"collection":[{"href":"http:\/\/www.debarry.cloud\/index.php?rest_route=\/wp\/v2\/pages"}],"about":[{"href":"http:\/\/www.debarry.cloud\/index.php?rest_route=\/wp\/v2\/types\/page"}],"author":[{"embeddable":true,"href":"http:\/\/www.debarry.cloud\/index.php?rest_route=\/wp\/v2\/users\/1"}],"replies":[{"embeddable":true,"href":"http:\/\/www.debarry.cloud\/index.php?rest_route=%2Fwp%2Fv2%2Fcomments&post=1339"}],"version-history":[{"count":72,"href":"http:\/\/www.debarry.cloud\/index.php?rest_route=\/wp\/v2\/pages\/1339\/revisions"}],"predecessor-version":[{"id":6769,"href":"http:\/\/www.debarry.cloud\/index.php?rest_route=\/wp\/v2\/pages\/1339\/revisions\/6769"}],"wp:attachment":[{"href":"http:\/\/www.debarry.cloud\/index.php?rest_route=%2Fwp%2Fv2%2Fmedia&parent=1339"}],"curies":[{"name":"wp","href":"https:\/\/api.w.org\/{rel}","templated":true}]}}