{"id":2269,"date":"2017-12-06T09:21:23","date_gmt":"2017-12-06T09:21:23","guid":{"rendered":"http:\/\/ninzio.com\/finax\/?page_id=2269"},"modified":"2023-02-08T14:41:26","modified_gmt":"2023-02-08T17:41:26","slug":"diplomax","status":"publish","type":"page","link":"http:\/\/www.debarry.cloud\/?page_id=2269","title":{"rendered":"DIPLOMAX"},"content":{"rendered":"<p>[vc_row][vc_column width=&#8221;1\/2&#8243;]\r\n\t<div class=\"finax-spacer clearfix\" data-desktop=\"40\" data-mobi=\"60\" data-smobi=\"60\"><\/div><div class=\"finax-headings clearfix \"  style=\"\"><h5 class=\"heading clearfix \" style=\"\">\r\n\t\tMaximize suas possibilidades! Conte com o Diplomax para facilitar a moderniza\u00e7\u00e3o do seu fluxo processual.\r\n\t<\/h5><p class=\"sub-heading clearfix\" style=\"font-style:normal;\">\r\n\t\tO Diplomax foi desenvolvido para Institui\u00e7\u00f5es de Ensino Superior ou empresas que geram diploma ou certificados de conclus\u00e3o de curso \u00e0 atenderem as portarias do MEC. Os diplomas digitais gerados na ferramenta s\u00e3o assinados digitalmente com certificados ICP-Brasil, conferindo, autenticidade, integridade e validade jur\u00eddica ao documento eletr\u00f4nico.<br \/>\nAs Institui\u00e7\u00f5es de Ensino Superior ter\u00e3o os Certificados Digitais ICP-Brasil e o e-Cnpj da pr\u00f3pria institui\u00e7\u00e3o no final do processo, al\u00e9m de carimbo de tempo, assinatura em padr\u00e3o XML, integra\u00e7\u00e3o de C\u00f3digo QR e link com c\u00f3digo verificador para certifica\u00e7\u00e3o no site da institui\u00e7\u00e3o.\r\n\t<\/p><\/div>[\/vc_column][vc_column width=&#8221;1\/2&#8243;][vc_single_image image=&#8221;6468&#8243; img_size=&#8221;550&#215;350&#8243; alignment=&#8221;center&#8221; css_animation=&#8221;flipInX&#8221;][\/vc_column][\/vc_row][vc_row][vc_column]\r\n\t<div class=\"finax-spacer clearfix\" data-desktop=\"30\" data-mobi=\"25\" data-smobi=\"25\"><\/div><div class=\"finax-divider divider-center divider-solid\" style=\"\"><\/div><div class=\"clearfix\"><\/div><div class=\"finax-headings clearfix \"  style=\"\"><h4 class=\"heading clearfix \" style=\"\">\r\n\t\tSolicite seu or\u00e7amento\r\n\t<\/h4><p class=\"sub-heading clearfix\" style=\"font-style:normal;\">\r\n\t\tPreencha o formul\u00e1rio abaixo e em seguida entraremos em contato com voc\u00ea.\r\n\t<\/p><\/div>\r\n\t<div class=\"finax-spacer clearfix\" data-desktop=\"40\" data-mobi=\"35\" data-smobi=\"35\"><\/div>\n<div class=\"wpcf7 no-js\" id=\"wpcf7-f4437-o1\" lang=\"en-US\" dir=\"ltr\">\n<div class=\"screen-reader-response\"><p role=\"status\" aria-live=\"polite\" aria-atomic=\"true\"><\/p> <ul><\/ul><\/div>\n<form action=\"\/index.php?rest_route=%2Fwp%2Fv2%2Fpages%2F2269#wpcf7-f4437-o1\" method=\"post\" class=\"wpcf7-form init\" aria-label=\"Contact form\" novalidate=\"novalidate\" data-status=\"init\">\n<div style=\"display: none;\">\n<input type=\"hidden\" name=\"_wpcf7\" value=\"4437\" \/>\n<input type=\"hidden\" name=\"_wpcf7_version\" value=\"5.7.4\" \/>\n<input type=\"hidden\" name=\"_wpcf7_locale\" value=\"en_US\" \/>\n<input type=\"hidden\" name=\"_wpcf7_unit_tag\" value=\"wpcf7-f4437-o1\" \/>\n<input type=\"hidden\" name=\"_wpcf7_container_post\" value=\"0\" \/>\n<input type=\"hidden\" name=\"_wpcf7_posted_data_hash\" value=\"\" \/>\n<input type=\"hidden\" name=\"_wpcf7_recaptcha_response\" value=\"\" \/>\n<\/div>\n<div class=\"cf7-style-1\">\n\t<div class=\"name-wrap\">\n\t\t<p><span class=\"wpcf7-form-control-wrap\" data-name=\"your-name\"><input size=\"40\" class=\"wpcf7-form-control wpcf7-text wpcf7-validates-as-required\" aria-required=\"true\" aria-invalid=\"false\" placeholder=\"Name\" value=\"\" type=\"text\" name=\"your-name\" \/><\/span>\n\t\t<\/p>\n\t<\/div>\n\t<div class=\"email-wrap\">\n\t\t<p><span class=\"wpcf7-form-control-wrap\" data-name=\"your-email\"><input size=\"40\" class=\"wpcf7-form-control wpcf7-text wpcf7-email wpcf7-validates-as-required wpcf7-validates-as-email\" aria-required=\"true\" aria-invalid=\"false\" placeholder=\"Email\" value=\"\" type=\"email\" name=\"your-email\" \/><\/span>\n\t\t<\/p>\n\t<\/div>\n\t<div class=\"phone-wrap\">\n\t\t<p><span class=\"wpcf7-form-control-wrap\" data-name=\"your-phone\"><input size=\"40\" class=\"wpcf7-form-control wpcf7-text wpcf7-validates-as-required\" aria-required=\"true\" aria-invalid=\"false\" placeholder=\"Your Phone\" value=\"\" type=\"text\" name=\"your-phone\" \/><\/span>\n\t\t<\/p>\n\t<\/div>\n\t<div class=\"message-wrap\">\n\t\t<p><span class=\"wpcf7-form-control-wrap\" data-name=\"your-message\"><textarea cols=\"40\" rows=\"10\" class=\"wpcf7-form-control wpcf7-textarea\" aria-invalid=\"false\" placeholder=\"Message\" name=\"your-message\"><\/textarea><\/span>\n\t\t<\/p>\n\t<\/div>\n\t<div class=\"submit-wrap\">\n\t\t<p><input class=\"wpcf7-form-control has-spinner wpcf7-submit\" type=\"submit\" value=\"Enviar\" \/>\n\t\t<\/p>\n\t<\/div>\n<\/div><p style=\"display: none !important;\" class=\"akismet-fields-container\" data-prefix=\"_wpcf7_ak_\"><label>&#916;<textarea name=\"_wpcf7_ak_hp_textarea\" cols=\"45\" rows=\"8\" maxlength=\"100\"><\/textarea><\/label><input type=\"hidden\" id=\"ak_js_1\" name=\"_wpcf7_ak_js\" value=\"133\"\/><script>document.getElementById( \"ak_js_1\" ).setAttribute( \"value\", ( new Date() ).getTime() );<\/script><\/p><div class=\"wpcf7-response-output\" aria-hidden=\"true\"><\/div>\n<\/form>\n<\/div>\n[\/vc_column][\/vc_row]<\/p>\n","protected":false},"excerpt":{"rendered":"<p>[vc_row][vc_column width=&#8221;1\/2&#8243;][\/vc_column][vc_column width=&#8221;1\/2&#8243;][vc_single_image image=&#8221;6468&#8243; img_size=&#8221;550&#215;350&#8243; alignment=&#8221;center&#8221; css_animation=&#8221;flipInX&#8221;][\/vc_column][\/vc_row][vc_row][vc_column][\/vc_column][\/vc_row]<\/p>\n","protected":false},"author":1,"featured_media":0,"parent":0,"menu_order":0,"comment_status":"closed","ping_status":"closed","template":"","meta":{"jetpack_post_was_ever_published":false},"aioseo_notices":[],"jetpack_sharing_enabled":true,"jetpack_shortlink":"https:\/\/wp.me\/PaP2iO-AB","jetpack-related-posts":[{"id":1316,"url":"http:\/\/www.debarry.cloud\/?page_id=1316","url_meta":{"origin":2269,"position":0},"title":"Sobre a Debarry","date":"16\/10\/2017","format":false,"excerpt":"[vc_row][vc_column][vc_row_inner][vc_column_inner width=\"5\/12\"][\/vc_column_inner][vc_column_inner width=\"7\/12\"][vc_column_text]A Debarry - Inova\u00e7\u00e3o e Tecnologia, empresa desenvolvedora do Doc.Xpress, entrega para mais de 500 IES a melhor solu\u00e7\u00e3o para cumprir a obrigatoriedade do MEC referente a documentos digitais. Al\u00e9m do servi\u00e7o de digitaliza\u00e7\u00e3o de 100% do acervo acad\u00eamico, somos l\u00edder na entrega do Diploma Digital, Hist\u00f3rico e\u2026","rel":"","context":"Similar post","img":{"alt_text":"","src":"","width":0,"height":0},"classes":[]},{"id":6220,"url":"http:\/\/www.debarry.cloud\/?page_id=6220","url_meta":{"origin":2269,"position":1},"title":"SIGNNA","date":"23\/10\/2019","format":false,"excerpt":"[vc_row][vc_column width=\"1\/2\"][\/vc_column][vc_column width=\"1\/2\"][vc_single_image image=\"6203\" alignment=\"center\" css_animation=\"flipInX\"][\/vc_column][\/vc_row][vc_row][vc_column][\/vc_column][\/vc_row]","rel":"","context":"Similar post","img":{"alt_text":"","src":"https:\/\/i0.wp.com\/www.debarry.cloud\/wp-content\/uploads\/2020\/08\/signna2.jpg?fit=1200%2C640&resize=350%2C200","width":350,"height":200},"classes":[]},{"id":5293,"url":"http:\/\/www.debarry.cloud\/","url_meta":{"origin":2269,"position":2},"title":"Home","date":"15\/02\/2019","format":false,"excerpt":"[vc_row][vc_column][rev_slider_vc alias=\"slider-1\"][\/vc_column][\/vc_row][vc_row][vc_column][vc_row_inner][vc_column_inner width=\"1\/2\"][\/vc_column_inner][vc_column_inner width=\"1\/2\"][\/vc_column_inner][\/vc_row_inner][vc_row_inner el_id=\"aplicabilidade\" el_class=\"aplicabilidade\"][vc_column_inner][\/vc_column_inner][\/vc_row_inner][\/vc_column][\/vc_row][vc_row column_spacing=\"10\" img_halfrow=\"parallax\" halfrow_image=\"5341\" img_columns=\"5columns\" img_position=\"imgright\" img_offset_left=\"-80px\" img_offset_top=\"100px\" css=\".vc_custom_1551504600068{background-image: url(http:\/\/ninzio.com\/finax\/wp-content\/uploads\/2019\/02\/section_bg6.jpg?id=5378) !important;background-position: center !important;background-repeat: no-repeat !important;background-size: cover !important;}\" parallax_x=\"0\" parallax_y=\"15px\"][vc_column][vc_row_inner column_inner_spacing=\"\"][vc_column_inner width=\"1\/2\"][\/vc_column_inner][vc_column_inner width=\"1\/2\"][\/vc_column_inner][\/vc_row_inner][\/vc_column][\/vc_row][vc_row][vc_column][\/vc_column][\/vc_row]","rel":"","context":"Similar post","img":{"alt_text":"","src":"","width":0,"height":0},"classes":[]},{"id":6635,"url":"http:\/\/www.debarry.cloud\/?page_id=6635","url_meta":{"origin":2269,"position":3},"title":"Diplomax Registro","date":"03\/02\/2023","format":false,"excerpt":"[vc_row][vc_column width=\"1\/2\"][\/vc_column][vc_column width=\"1\/2\"][\/vc_column][\/vc_row][vc_row][vc_column][\/vc_column][\/vc_row]","rel":"","context":"Similar post","img":{"alt_text":"","src":"","width":0,"height":0},"classes":[]},{"id":2288,"url":"http:\/\/www.debarry.cloud\/?page_id=2288","url_meta":{"origin":2269,"position":4},"title":"Doc.Xpress","date":"07\/12\/2017","format":false,"excerpt":"[vc_row][vc_column width=\"1\/2\"][\/vc_column][vc_column width=\"1\/2\"][vc_single_image image=\"6189\" alignment=\"center\" css_animation=\"flipInX\"][\/vc_column][\/vc_row][vc_row][vc_column][\/vc_column][\/vc_row]","rel":"","context":"Similar post","img":{"alt_text":"","src":"","width":0,"height":0},"classes":[]},{"id":6627,"url":"http:\/\/www.debarry.cloud\/?page_id=6627","url_meta":{"origin":2269,"position":5},"title":"INBOUND &#8211; Assinatura Eletr\u00f4nica Avan\u00e7ada","date":"03\/02\/2023","format":false,"excerpt":"[vc_row][vc_column width=\"1\/2\"][\/vc_column][vc_column width=\"1\/2\"][\/vc_column][\/vc_row][vc_row][vc_column][\/vc_column][\/vc_row]","rel":"","context":"Similar post","img":{"alt_text":"","src":"","width":0,"height":0},"classes":[]}],"_links":{"self":[{"href":"http:\/\/www.debarry.cloud\/index.php?rest_route=\/wp\/v2\/pages\/2269"}],"collection":[{"href":"http:\/\/www.debarry.cloud\/index.php?rest_route=\/wp\/v2\/pages"}],"about":[{"href":"http:\/\/www.debarry.cloud\/index.php?rest_route=\/wp\/v2\/types\/page"}],"author":[{"embeddable":true,"href":"http:\/\/www.debarry.cloud\/index.php?rest_route=\/wp\/v2\/users\/1"}],"replies":[{"embeddable":true,"href":"http:\/\/www.debarry.cloud\/index.php?rest_route=%2Fwp%2Fv2%2Fcomments&post=2269"}],"version-history":[{"count":26,"href":"http:\/\/www.debarry.cloud\/index.php?rest_route=\/wp\/v2\/pages\/2269\/revisions"}],"predecessor-version":[{"id":6736,"href":"http:\/\/www.debarry.cloud\/index.php?rest_route=\/wp\/v2\/pages\/2269\/revisions\/6736"}],"wp:attachment":[{"href":"http:\/\/www.debarry.cloud\/index.php?rest_route=%2Fwp%2Fv2%2Fmedia&parent=2269"}],"curies":[{"name":"wp","href":"https:\/\/api.w.org\/{rel}","templated":true}]}}