{"id":2288,"date":"2017-12-07T02:25:11","date_gmt":"2017-12-07T02:25:11","guid":{"rendered":"http:\/\/ninzio.com\/finax\/?page_id=2288"},"modified":"2023-02-08T14:57:57","modified_gmt":"2023-02-08T17:57:57","slug":"docxpress","status":"publish","type":"page","link":"http:\/\/www.debarry.cloud\/?page_id=2288","title":{"rendered":"Doc.Xpress"},"content":{"rendered":"<p>[vc_row][vc_column width=&#8221;1\/2&#8243;]<div class=\"finax-headings clearfix  wow fadeInUp\"  data-wow-duration=\"0.75s\" data-wow-delay=\"0s\" style=\"\"><h5 class=\"heading clearfix \" style=\"\">\r\n\t\tO Doc.Xpress \u00e9 um Gerenciador Eletr\u00f4nico de Documentos completo que atender\u00e1 \u00e0 todas as suas demandas e mais:\r\n\t<\/h5><p class=\"sub-heading clearfix\" style=\"font-style:normal;\">\r\n\t\tA plataforma TOTVS Secretaria Digital by DocXpress \u00e9 uma robusta solu\u00e7\u00e3o de GED (Gest\u00e3o Eletr\u00f4nica de Documentos), desenvolvida observando os melhores c\u00f3digos e plataformas integr\u00e1veis de programa\u00e7\u00e3o. Concebido para uso em Nuvem (cloud), possui todos os conceitos necess\u00e1rios para implanta\u00e7\u00e3o com sucesso de Secretaria Digital, com indexa\u00e7\u00e3o dos documentos, classifica\u00e7\u00e3o pela tabela SIGA, uso integrado de certificado digital na pr\u00f3pria tela e Workflow din\u00e2mico e simples. O fato de j\u00e1 contar com integra\u00e7\u00f5es no TOTVS Educacional \u00e9, sem d\u00favida, um dos motivos de sucesso junto aos clientes, pois pode ser acionado diretamente pelas telas do sistema e aponta a facilidade de integra\u00e7\u00e3o com diversos outros ERPs do mercado, via webservice, PIs e DLLs j\u00e1 desenvolvidas e documentadas.<br \/>\nConfira abaixo algumas qualidades do sistema:<br \/>\n-Controle e autenticidade: todo o acesso aos documentos \u00e9 registrado por meio de login e senha. \u00c9 poss\u00edvel conceder diferentes n\u00edveis de permiss\u00f5es aos usu\u00e1rios do sistema.<br \/>\n-Economia e seguran\u00e7a: n\u00e3o h\u00e1 despesas com infraestrutura, licenciamento ou pessoal, afinal, toda a estrutura necess\u00e1ria est\u00e1 em nuvem, em um ambiente controlado e com back-up.<br \/>\n-Praticidade: o arquivo final poder\u00e1 ser comprimido e dividido em partes menores (1.5mb).<br \/>\n-Melhor aproveitamento do espa\u00e7o f\u00edsico: os documentos originais podem ser realocados ou descartados ap\u00f3s a digitaliza\u00e7\u00e3o e armazenamento no sistema. \u00c9 poss\u00edvel ainda reduzir consideravelmente as demandas de impress\u00f5es na empresa.<br \/>\n-Atemporalidade: a digitaliza\u00e7\u00e3o produz arquivos no padr\u00e3o PDF\/A, que garantem a integridade e legibilidade do documento ao longo do tempo.<br \/>\n-Disponibilidade: o Doc.Xpress pode ser acessado via navegador padr\u00e3o do seu computador, n\u00e3o sendo necess\u00e1ria nenhuma configura\u00e7\u00e3o especial.\r\n\t<\/p><\/div>\r\n\t<div class=\"finax-spacer clearfix\" data-desktop=\"30\" data-mobi=\"0\" data-smobi=\"0\"><\/div>[\/vc_column][vc_column width=&#8221;1\/2&#8243;][vc_single_image image=&#8221;6189&#8243; alignment=&#8221;center&#8221; css_animation=&#8221;flipInX&#8221;][\/vc_column][\/vc_row][vc_row][vc_column]\r\n\t<div class=\"finax-spacer clearfix\" data-desktop=\"30\" data-mobi=\"0\" data-smobi=\"0\"><\/div><div class=\"finax-divider divider-center divider-solid\" style=\"\"><\/div><div class=\"clearfix\"><\/div><div class=\"finax-headings clearfix \"  style=\"\"><h4 class=\"heading clearfix \" style=\"\">\r\n\t\tSolicite seu or\u00e7amento\r\n\t<\/h4><p class=\"sub-heading clearfix\" style=\"font-style:normal;\">\r\n\t\tPreencha o formul\u00e1rio abaixo e em seguida entraremos em contato com voc\u00ea.\r\n\t<\/p><\/div>\r\n\t<div class=\"finax-spacer clearfix\" data-desktop=\"40\" data-mobi=\"0\" data-smobi=\"0\"><\/div>\n<div class=\"wpcf7 no-js\" id=\"wpcf7-f4437-o1\" lang=\"en-US\" dir=\"ltr\">\n<div class=\"screen-reader-response\"><p role=\"status\" aria-live=\"polite\" aria-atomic=\"true\"><\/p> <ul><\/ul><\/div>\n<form action=\"\/index.php?rest_route=%2Fwp%2Fv2%2Fpages%2F2288#wpcf7-f4437-o1\" method=\"post\" class=\"wpcf7-form init\" aria-label=\"Contact form\" novalidate=\"novalidate\" data-status=\"init\">\n<div style=\"display: none;\">\n<input type=\"hidden\" name=\"_wpcf7\" value=\"4437\" \/>\n<input type=\"hidden\" name=\"_wpcf7_version\" value=\"5.7.4\" \/>\n<input type=\"hidden\" name=\"_wpcf7_locale\" value=\"en_US\" \/>\n<input type=\"hidden\" name=\"_wpcf7_unit_tag\" value=\"wpcf7-f4437-o1\" \/>\n<input type=\"hidden\" name=\"_wpcf7_container_post\" value=\"0\" \/>\n<input type=\"hidden\" name=\"_wpcf7_posted_data_hash\" value=\"\" \/>\n<input type=\"hidden\" name=\"_wpcf7_recaptcha_response\" value=\"\" \/>\n<\/div>\n<div class=\"cf7-style-1\">\n\t<div class=\"name-wrap\">\n\t\t<p><span class=\"wpcf7-form-control-wrap\" data-name=\"your-name\"><input size=\"40\" class=\"wpcf7-form-control wpcf7-text wpcf7-validates-as-required\" aria-required=\"true\" aria-invalid=\"false\" placeholder=\"Name\" value=\"\" type=\"text\" name=\"your-name\" \/><\/span>\n\t\t<\/p>\n\t<\/div>\n\t<div class=\"email-wrap\">\n\t\t<p><span class=\"wpcf7-form-control-wrap\" data-name=\"your-email\"><input size=\"40\" class=\"wpcf7-form-control wpcf7-text wpcf7-email wpcf7-validates-as-required wpcf7-validates-as-email\" aria-required=\"true\" aria-invalid=\"false\" placeholder=\"Email\" value=\"\" type=\"email\" name=\"your-email\" \/><\/span>\n\t\t<\/p>\n\t<\/div>\n\t<div class=\"phone-wrap\">\n\t\t<p><span class=\"wpcf7-form-control-wrap\" data-name=\"your-phone\"><input size=\"40\" class=\"wpcf7-form-control wpcf7-text wpcf7-validates-as-required\" aria-required=\"true\" aria-invalid=\"false\" placeholder=\"Your Phone\" value=\"\" type=\"text\" name=\"your-phone\" \/><\/span>\n\t\t<\/p>\n\t<\/div>\n\t<div class=\"message-wrap\">\n\t\t<p><span class=\"wpcf7-form-control-wrap\" data-name=\"your-message\"><textarea cols=\"40\" rows=\"10\" class=\"wpcf7-form-control wpcf7-textarea\" aria-invalid=\"false\" placeholder=\"Message\" name=\"your-message\"><\/textarea><\/span>\n\t\t<\/p>\n\t<\/div>\n\t<div class=\"submit-wrap\">\n\t\t<p><input class=\"wpcf7-form-control has-spinner wpcf7-submit\" type=\"submit\" value=\"Enviar\" \/>\n\t\t<\/p>\n\t<\/div>\n<\/div><p style=\"display: none !important;\" class=\"akismet-fields-container\" data-prefix=\"_wpcf7_ak_\"><label>&#916;<textarea name=\"_wpcf7_ak_hp_textarea\" cols=\"45\" rows=\"8\" maxlength=\"100\"><\/textarea><\/label><input type=\"hidden\" id=\"ak_js_1\" name=\"_wpcf7_ak_js\" value=\"189\"\/><script>document.getElementById( \"ak_js_1\" ).setAttribute( \"value\", ( new Date() ).getTime() );<\/script><\/p><div class=\"wpcf7-response-output\" aria-hidden=\"true\"><\/div>\n<\/form>\n<\/div>\n[\/vc_column][\/vc_row]<\/p>\n","protected":false},"excerpt":{"rendered":"<p>[vc_row][vc_column width=&#8221;1\/2&#8243;][\/vc_column][vc_column width=&#8221;1\/2&#8243;][vc_single_image image=&#8221;6189&#8243; alignment=&#8221;center&#8221; css_animation=&#8221;flipInX&#8221;][\/vc_column][\/vc_row][vc_row][vc_column][\/vc_column][\/vc_row]<\/p>\n","protected":false},"author":1,"featured_media":0,"parent":0,"menu_order":0,"comment_status":"closed","ping_status":"closed","template":"","meta":{"jetpack_post_was_ever_published":false},"aioseo_notices":[],"jetpack_sharing_enabled":true,"jetpack_shortlink":"https:\/\/wp.me\/PaP2iO-AU","jetpack-related-posts":[{"id":6627,"url":"http:\/\/www.debarry.cloud\/?page_id=6627","url_meta":{"origin":2288,"position":0},"title":"INBOUND &#8211; Assinatura Eletr\u00f4nica Avan\u00e7ada","date":"03\/02\/2023","format":false,"excerpt":"[vc_row][vc_column width=\"1\/2\"][\/vc_column][vc_column width=\"1\/2\"][\/vc_column][\/vc_row][vc_row][vc_column][\/vc_column][\/vc_row]","rel":"","context":"Similar post","img":{"alt_text":"","src":"","width":0,"height":0},"classes":[]},{"id":5293,"url":"http:\/\/www.debarry.cloud\/","url_meta":{"origin":2288,"position":1},"title":"Home","date":"15\/02\/2019","format":false,"excerpt":"[vc_row][vc_column][rev_slider_vc alias=\"slider-1\"][\/vc_column][\/vc_row][vc_row][vc_column][vc_row_inner][vc_column_inner width=\"1\/2\"][\/vc_column_inner][vc_column_inner width=\"1\/2\"][\/vc_column_inner][\/vc_row_inner][vc_row_inner el_id=\"aplicabilidade\" el_class=\"aplicabilidade\"][vc_column_inner][\/vc_column_inner][\/vc_row_inner][\/vc_column][\/vc_row][vc_row column_spacing=\"10\" img_halfrow=\"parallax\" halfrow_image=\"5341\" img_columns=\"5columns\" img_position=\"imgright\" img_offset_left=\"-80px\" img_offset_top=\"100px\" css=\".vc_custom_1551504600068{background-image: url(http:\/\/ninzio.com\/finax\/wp-content\/uploads\/2019\/02\/section_bg6.jpg?id=5378) !important;background-position: center !important;background-repeat: no-repeat !important;background-size: cover !important;}\" parallax_x=\"0\" parallax_y=\"15px\"][vc_column][vc_row_inner column_inner_spacing=\"\"][vc_column_inner width=\"1\/2\"][\/vc_column_inner][vc_column_inner width=\"1\/2\"][\/vc_column_inner][\/vc_row_inner][\/vc_column][\/vc_row][vc_row][vc_column][\/vc_column][\/vc_row]","rel":"","context":"Similar post","img":{"alt_text":"","src":"","width":0,"height":0},"classes":[]},{"id":1316,"url":"http:\/\/www.debarry.cloud\/?page_id=1316","url_meta":{"origin":2288,"position":2},"title":"Sobre a Debarry","date":"16\/10\/2017","format":false,"excerpt":"[vc_row][vc_column][vc_row_inner][vc_column_inner width=\"5\/12\"][\/vc_column_inner][vc_column_inner width=\"7\/12\"][vc_column_text]A Debarry - Inova\u00e7\u00e3o e Tecnologia, empresa desenvolvedora do Doc.Xpress, entrega para mais de 500 IES a melhor solu\u00e7\u00e3o para cumprir a obrigatoriedade do MEC referente a documentos digitais. Al\u00e9m do servi\u00e7o de digitaliza\u00e7\u00e3o de 100% do acervo acad\u00eamico, somos l\u00edder na entrega do Diploma Digital, Hist\u00f3rico e\u2026","rel":"","context":"Similar post","img":{"alt_text":"","src":"","width":0,"height":0},"classes":[]},{"id":6220,"url":"http:\/\/www.debarry.cloud\/?page_id=6220","url_meta":{"origin":2288,"position":3},"title":"SIGNNA","date":"23\/10\/2019","format":false,"excerpt":"[vc_row][vc_column width=\"1\/2\"][\/vc_column][vc_column width=\"1\/2\"][vc_single_image image=\"6203\" alignment=\"center\" css_animation=\"flipInX\"][\/vc_column][\/vc_row][vc_row][vc_column][\/vc_column][\/vc_row]","rel":"","context":"Similar post","img":{"alt_text":"","src":"https:\/\/i0.wp.com\/www.debarry.cloud\/wp-content\/uploads\/2020\/08\/signna2.jpg?fit=1200%2C640&resize=350%2C200","width":350,"height":200},"classes":[]},{"id":2269,"url":"http:\/\/www.debarry.cloud\/?page_id=2269","url_meta":{"origin":2288,"position":4},"title":"DIPLOMAX","date":"06\/12\/2017","format":false,"excerpt":"[vc_row][vc_column width=\"1\/2\"][\/vc_column][vc_column width=\"1\/2\"][vc_single_image image=\"6468\" img_size=\"550x350\" alignment=\"center\" css_animation=\"flipInX\"][\/vc_column][\/vc_row][vc_row][vc_column][\/vc_column][\/vc_row]","rel":"","context":"Similar post","img":{"alt_text":"","src":"","width":0,"height":0},"classes":[]},{"id":6303,"url":"http:\/\/www.debarry.cloud\/?page_id=6303","url_meta":{"origin":2288,"position":5},"title":"Servi\u00e7o de Digitaliza\u00e7\u00e3o","date":"24\/10\/2019","format":false,"excerpt":"[vc_row][vc_column width=\"1\/2\"][vc_btn title=\"Saiba mais\" color=\"primary\" i_icon_fontawesome=\"fa fa-question\" css_animation=\"fadeInLeft\" add_icon=\"true\"][\/vc_column][vc_column width=\"1\/2\"][\/vc_column][\/vc_row]","rel":"","context":"Similar post","img":{"alt_text":"","src":"","width":0,"height":0},"classes":[]}],"_links":{"self":[{"href":"http:\/\/www.debarry.cloud\/index.php?rest_route=\/wp\/v2\/pages\/2288"}],"collection":[{"href":"http:\/\/www.debarry.cloud\/index.php?rest_route=\/wp\/v2\/pages"}],"about":[{"href":"http:\/\/www.debarry.cloud\/index.php?rest_route=\/wp\/v2\/types\/page"}],"author":[{"embeddable":true,"href":"http:\/\/www.debarry.cloud\/index.php?rest_route=\/wp\/v2\/users\/1"}],"replies":[{"embeddable":true,"href":"http:\/\/www.debarry.cloud\/index.php?rest_route=%2Fwp%2Fv2%2Fcomments&post=2288"}],"version-history":[{"count":20,"href":"http:\/\/www.debarry.cloud\/index.php?rest_route=\/wp\/v2\/pages\/2288\/revisions"}],"predecessor-version":[{"id":6475,"href":"http:\/\/www.debarry.cloud\/index.php?rest_route=\/wp\/v2\/pages\/2288\/revisions\/6475"}],"wp:attachment":[{"href":"http:\/\/www.debarry.cloud\/index.php?rest_route=%2Fwp%2Fv2%2Fmedia&parent=2288"}],"curies":[{"name":"wp","href":"https:\/\/api.w.org\/{rel}","templated":true}]}}