{"id":6303,"date":"2019-10-24T11:37:29","date_gmt":"2019-10-24T14:37:29","guid":{"rendered":"http:\/\/www.debarry.cloud\/?page_id=6303"},"modified":"2023-04-26T14:43:44","modified_gmt":"2023-04-26T17:43:44","slug":"digitalizacao","status":"publish","type":"page","link":"http:\/\/www.debarry.cloud\/?page_id=6303","title":{"rendered":"Servi\u00e7o de Digitaliza\u00e7\u00e3o"},"content":{"rendered":"<p>[vc_row][vc_column width=&#8221;1\/2&#8243;]<div class=\"finax-headings clearfix \"  style=\"\"><h5 class=\"heading clearfix \" style=\"\">\r\n\t\tSabemos que todas as empresas t\u00eam uma grande concentra\u00e7\u00e3o de documentos.\r\n\t<\/h5><p class=\"sub-heading clearfix\" style=\"font-style:normal;\">\r\n\t\tA captura de documentos \u00e9 o primeiro passo na jornada da transforma\u00e7\u00e3o digital. Prestamos servi\u00e7o de digitaliza\u00e7\u00e3o de documentos com captura avan\u00e7ada de dados. Desta forma, a utiliza\u00e7\u00e3o da tecnologia Kofax, empresa americana l\u00edder mundial na solu\u00e7\u00e3o, \u00e9 uma parceria estrat\u00e9gica indispens\u00e1vel.<br \/>\nAbaixo listamos os principais recursos deste software:<br \/>\n\u2022 Controle autom\u00e1tico de qualidade da imagem;<br \/>\n\u2022 Remo\u00e7\u00e3o autom\u00e1tica de pontos da imagem (manchas e falhas), remo\u00e7\u00e3o de fundo colorido e \u00e1reas sombreadas a fim de diminuir o tamanho do arquivo;<br \/>\n\u2022 Detec\u00e7\u00e3o autom\u00e1tica do tamanho do documento e alinhamento autom\u00e1tico \u00e0 imagem;<br \/>\n\u2022 Recursos de ajuste autom\u00e1tico de brilho e contraste;<br \/>\n\u2022 Relat\u00f3rio de quantidade de p\u00e1ginas e documentos indexados por tipo e total geral;<br \/>\n\u2022 Indexa\u00e7\u00e3o dos documentos de forma autom\u00e1tica (on-line) ou em lotes ap\u00f3s o processo de digitaliza\u00e7\u00e3o;<br \/>\n\u2022 Captura de dados para indexa\u00e7\u00e3o por c\u00f3digo de barras, por OCR e\/ou por ICR.\r\n\t<\/p><\/div>\r\n\t<div class=\"finax-spacer clearfix\" data-desktop=\"30\" data-mobi=\"0\" data-smobi=\"0\"><\/div>[vc_btn title=&#8221;Saiba mais&#8221; color=&#8221;primary&#8221; i_icon_fontawesome=&#8221;fa fa-question&#8221; css_animation=&#8221;fadeInLeft&#8221; add_icon=&#8221;true&#8221;][\/vc_column][vc_column width=&#8221;1\/2&#8243;][\/vc_column][\/vc_row]<\/p>\n","protected":false},"excerpt":{"rendered":"<p>[vc_row][vc_column width=&#8221;1\/2&#8243;][vc_btn title=&#8221;Saiba mais&#8221; color=&#8221;primary&#8221; i_icon_fontawesome=&#8221;fa fa-question&#8221; css_animation=&#8221;fadeInLeft&#8221; add_icon=&#8221;true&#8221;][\/vc_column][vc_column width=&#8221;1\/2&#8243;][\/vc_column][\/vc_row]<\/p>\n","protected":false},"author":1,"featured_media":0,"parent":0,"menu_order":0,"comment_status":"closed","ping_status":"closed","template":"","meta":{"jetpack_post_was_ever_published":false},"aioseo_notices":[],"jetpack_sharing_enabled":true,"jetpack_shortlink":"https:\/\/wp.me\/PaP2iO-1DF","jetpack-related-posts":[{"id":5293,"url":"http:\/\/www.debarry.cloud\/","url_meta":{"origin":6303,"position":0},"title":"Home","date":"15\/02\/2019","format":false,"excerpt":"[vc_row][vc_column][rev_slider_vc alias=\"slider-1\"][\/vc_column][\/vc_row][vc_row][vc_column][vc_row_inner][vc_column_inner width=\"1\/2\"][\/vc_column_inner][vc_column_inner width=\"1\/2\"][\/vc_column_inner][\/vc_row_inner][vc_row_inner el_id=\"aplicabilidade\" el_class=\"aplicabilidade\"][vc_column_inner][\/vc_column_inner][\/vc_row_inner][\/vc_column][\/vc_row][vc_row column_spacing=\"10\" img_halfrow=\"parallax\" halfrow_image=\"5341\" img_columns=\"5columns\" img_position=\"imgright\" img_offset_left=\"-80px\" img_offset_top=\"100px\" css=\".vc_custom_1551504600068{background-image: url(http:\/\/ninzio.com\/finax\/wp-content\/uploads\/2019\/02\/section_bg6.jpg?id=5378) !important;background-position: center !important;background-repeat: no-repeat !important;background-size: cover !important;}\" parallax_x=\"0\" parallax_y=\"15px\"][vc_column][vc_row_inner column_inner_spacing=\"\"][vc_column_inner width=\"1\/2\"][\/vc_column_inner][vc_column_inner width=\"1\/2\"][\/vc_column_inner][\/vc_row_inner][\/vc_column][\/vc_row][vc_row][vc_column][\/vc_column][\/vc_row]","rel":"","context":"Post similar","img":{"alt_text":"","src":"","width":0,"height":0},"classes":[]},{"id":1316,"url":"http:\/\/www.debarry.cloud\/?page_id=1316","url_meta":{"origin":6303,"position":1},"title":"Sobre a Debarry","date":"16\/10\/2017","format":false,"excerpt":"[vc_row][vc_column][vc_row_inner][vc_column_inner width=\"5\/12\"][\/vc_column_inner][vc_column_inner width=\"7\/12\"][vc_column_text]A Debarry - Inova\u00e7\u00e3o e Tecnologia, empresa desenvolvedora do Doc.Xpress, entrega para mais de 500 IES a melhor solu\u00e7\u00e3o para cumprir a obrigatoriedade do MEC referente a documentos digitais. Al\u00e9m do servi\u00e7o de digitaliza\u00e7\u00e3o de 100% do acervo acad\u00eamico, somos l\u00edder na entrega do Diploma Digital, Hist\u00f3rico e\u2026","rel":"","context":"Post similar","img":{"alt_text":"","src":"","width":0,"height":0},"classes":[]},{"id":2288,"url":"http:\/\/www.debarry.cloud\/?page_id=2288","url_meta":{"origin":6303,"position":2},"title":"Doc.Xpress","date":"07\/12\/2017","format":false,"excerpt":"[vc_row][vc_column width=\"1\/2\"][\/vc_column][vc_column width=\"1\/2\"][vc_single_image image=\"6189\" alignment=\"center\" css_animation=\"flipInX\"][\/vc_column][\/vc_row][vc_row][vc_column][\/vc_column][\/vc_row]","rel":"","context":"Post similar","img":{"alt_text":"","src":"","width":0,"height":0},"classes":[]},{"id":6220,"url":"http:\/\/www.debarry.cloud\/?page_id=6220","url_meta":{"origin":6303,"position":3},"title":"SIGNNA","date":"23\/10\/2019","format":false,"excerpt":"[vc_row][vc_column width=\"1\/2\"][\/vc_column][vc_column width=\"1\/2\"][vc_single_image image=\"6203\" alignment=\"center\" css_animation=\"flipInX\"][\/vc_column][\/vc_row][vc_row][vc_column][\/vc_column][\/vc_row]","rel":"","context":"Post similar","img":{"alt_text":"","src":"https:\/\/i0.wp.com\/www.debarry.cloud\/wp-content\/uploads\/2020\/08\/signna2.jpg?fit=1200%2C640&resize=350%2C200","width":350,"height":200},"classes":[]},{"id":2269,"url":"http:\/\/www.debarry.cloud\/?page_id=2269","url_meta":{"origin":6303,"position":4},"title":"DIPLOMAX","date":"06\/12\/2017","format":false,"excerpt":"[vc_row][vc_column width=\"1\/2\"][\/vc_column][vc_column width=\"1\/2\"][vc_single_image image=\"6468\" img_size=\"550x350\" alignment=\"center\" css_animation=\"flipInX\"][\/vc_column][\/vc_row][vc_row][vc_column][\/vc_column][\/vc_row]","rel":"","context":"Post similar","img":{"alt_text":"","src":"","width":0,"height":0},"classes":[]},{"id":6627,"url":"http:\/\/www.debarry.cloud\/?page_id=6627","url_meta":{"origin":6303,"position":5},"title":"INBOUND &#8211; Assinatura Eletr\u00f4nica Avan\u00e7ada","date":"03\/02\/2023","format":false,"excerpt":"[vc_row][vc_column width=\"1\/2\"][\/vc_column][vc_column width=\"1\/2\"][\/vc_column][\/vc_row][vc_row][vc_column][\/vc_column][\/vc_row]","rel":"","context":"Post similar","img":{"alt_text":"","src":"","width":0,"height":0},"classes":[]}],"_links":{"self":[{"href":"http:\/\/www.debarry.cloud\/index.php?rest_route=\/wp\/v2\/pages\/6303"}],"collection":[{"href":"http:\/\/www.debarry.cloud\/index.php?rest_route=\/wp\/v2\/pages"}],"about":[{"href":"http:\/\/www.debarry.cloud\/index.php?rest_route=\/wp\/v2\/types\/page"}],"author":[{"embeddable":true,"href":"http:\/\/www.debarry.cloud\/index.php?rest_route=\/wp\/v2\/users\/1"}],"replies":[{"embeddable":true,"href":"http:\/\/www.debarry.cloud\/index.php?rest_route=%2Fwp%2Fv2%2Fcomments&post=6303"}],"version-history":[{"count":13,"href":"http:\/\/www.debarry.cloud\/index.php?rest_route=\/wp\/v2\/pages\/6303\/revisions"}],"predecessor-version":[{"id":6760,"href":"http:\/\/www.debarry.cloud\/index.php?rest_route=\/wp\/v2\/pages\/6303\/revisions\/6760"}],"wp:attachment":[{"href":"http:\/\/www.debarry.cloud\/index.php?rest_route=%2Fwp%2Fv2%2Fmedia&parent=6303"}],"curies":[{"name":"wp","href":"https:\/\/api.w.org\/{rel}","templated":true}]}}